{"id":1497,"date":"2025-12-22T21:48:48","date_gmt":"2025-12-22T21:48:48","guid":{"rendered":"https:\/\/www.claudiazila.com\/?page_id=1497"},"modified":"2026-04-21T17:52:20","modified_gmt":"2026-04-21T17:52:20","slug":"inicio-prueba","status":"publish","type":"page","link":"https:\/\/www.claudiazila.com\/","title":{"rendered":"INICIO CLAUDIA ZILA"},"content":{"rendered":"<p>[et_pb_section fb_built=\u00bb1&#8243; fullwidth=\u00bbon\u00bb _builder_version=\u00bb4.27.5&#8243; _module_preset=\u00bbdefault\u00bb global_colors_info=\u00bb{}\u00bb][et_pb_fullwidth_image src=\u00bbhttps:\/\/www.claudiazila.com\/wp-content\/uploads\/2026\/01\/CLAUDIA-ZILA-3.png\u00bb title_text=\u00bbCLAUDIA ZILA (3)\u00bb _builder_version=\u00bb4.27.5&#8243; _module_preset=\u00bbdefault\u00bb global_colors_info=\u00bb{}\u00bb][\/et_pb_fullwidth_image][\/et_pb_section][et_pb_section fb_built=\u00bb1&#8243; admin_label=\u00bbTestimonials\u00bb _builder_version=\u00bb4.20.0&#8243; _module_preset=\u00bbdefault\u00bb custom_padding=\u00bb||2px|||\u00bb collapsed=\u00bbon\u00bb global_colors_info=\u00bb{}\u00bb][et_pb_row _builder_version=\u00bb4.20.0&#8243; _module_preset=\u00bbdefault\u00bb custom_margin=\u00bb-27px|auto||auto||\u00bb custom_padding=\u00bb0px|||||\u00bb border_color_all=\u00bbgcid-e6f8585f-043d-4f05-ad96-fb05b9e45208&#8243; border_width_bottom=\u00bb1px\u00bb global_colors_info=\u00bb{%22gcid-e6f8585f-043d-4f05-ad96-fb05b9e45208%22:%91%22border_color_all%22%93}\u00bb][et_pb_column type=\u00bb4_4&#8243; _builder_version=\u00bb4.20.0&#8243; _module_preset=\u00bbdefault\u00bb global_colors_info=\u00bb{}\u00bb][et_pb_icon font_icon=\u00bb&#xf10d;||fa||900&#8243; icon_color=\u00bb#000000&#8243; icon_width=\u00bb56px\u00bb _builder_version=\u00bb4.27.5&#8243; _module_preset=\u00bbdefault\u00bb custom_margin=\u00bb11px|||||\u00bb custom_padding=\u00bb||15px|||\u00bb global_colors_info=\u00bb{}\u00bb][\/et_pb_icon][\/et_pb_column][\/et_pb_row][et_pb_row column_structure=\u00bb1_2,1_2&#8243; _builder_version=\u00bb4.20.0&#8243; _module_preset=\u00bbdefault\u00bb global_colors_info=\u00bb{}\u00bb][et_pb_column type=\u00bb1_2&#8243; _builder_version=\u00bb4.20.0&#8243; _module_preset=\u00bbdefault\u00bb global_colors_info=\u00bb{}\u00bb][et_pb_text _builder_version=\u00bb4.27.5&#8243; _module_preset=\u00bb8b267694-4d7e-405a-b312-0a45f679236c\u00bb hover_enabled=\u00bb0&#8243; global_colors_info=\u00bb{}\u00bb sticky_enabled=\u00bb0&#8243;]<\/p>\n<p data-start=\"121\" data-end=\"325\" style=\"text-align: justify;\">A los cuatro a\u00f1os, cuando por primera vez logr\u00e9 leer una palabra, mi coraz\u00f3n lati\u00f3 tan fuerte que sent\u00ed que el mundo del conocimiento se abr\u00eda frente a mis ojos. Desde ese d\u00eda descubr\u00ed que me gustaba mucho leer, hablar, y llegar al coraz\u00f3n de las personas con mi voz.<br \/>Crec\u00ed en un entorno donde la buena oratoria era imprescindible. Recuerdo siempre,\u00a0 como mi padre me guiaba a usar bien el lenguaje diariamente, incluso corrigiendo mis discursos cuando ya estaba en la universidad. A \u00e9l le debo gran parte de la formaci\u00f3n de mi talento.<\/p>\n<p>[\/et_pb_text][\/et_pb_column][et_pb_column type=\u00bb1_2&#8243; _builder_version=\u00bb4.20.0&#8243; _module_preset=\u00bbdefault\u00bb global_colors_info=\u00bb{}\u00bb][et_pb_text _builder_version=\u00bb4.27.5&#8243; _module_preset=\u00bb8b267694-4d7e-405a-b312-0a45f679236c\u00bb global_colors_info=\u00bb{}\u00bb]<\/p>\n<p data-start=\"298\" data-end=\"454\" style=\"text-align: justify;\">Formada en Derecho, protocolo, buenas costumbres y oratoria, estos fueron ense\u00f1ados como pilares del car\u00e1cter, liderazgo y \u00e9xito, con una base cristiana.<br \/>Hoy acompa\u00f1o a personas y proyectos que buscan comunicar con claridad y coherencia, facilitando la comunicaci\u00f3n entre ellos y terceros.<br \/>Trabajo desde la experiencia, el conocimiento e investigaci\u00f3n, la formaci\u00f3n jur\u00eddica y el respeto por el fondo y la forma que se quiere dar a conocer, ayudando a construir mensajes leg\u00edtimos, coherentes y sostenibles en el tiempo.<\/p>\n<p>[\/et_pb_text][\/et_pb_column][\/et_pb_row][\/et_pb_section][et_pb_section fb_built=\u00bb1&#8243; admin_label=\u00bbCall to Action\u00bb _builder_version=\u00bb4.27.5&#8243; _module_preset=\u00bbdefault\u00bb background_image=\u00bbhttps:\/\/www.claudiazila.com\/wp-content\/uploads\/2025\/12\/Diseno-sin-titulo-43.png\u00bb module_alignment=\u00bbcenter\u00bb max_height=\u00bb256px\u00bb custom_margin=\u00bb21px|||||\u00bb custom_padding=\u00bb34vw||34vw||true|false\u00bb background_last_edited=\u00bboff|desktop\u00bb background_position_tablet=\u00bbcenter\u00bb background_position_phone=\u00bbcenter\u00bb collapsed=\u00bbon\u00bb global_colors_info=\u00bb{}\u00bb][et_pb_row custom_padding_last_edited=\u00bbon|tablet\u00bb _builder_version=\u00bb4.20.0&#8243; _module_preset=\u00bbdefault\u00bb min_height=\u00bb258.3px\u00bb custom_margin=\u00bb-120px|auto||5px||\u00bb custom_padding=\u00bb2px|120px||120px|false|true\u00bb custom_padding_tablet=\u00bb|8%||8%|false|true\u00bb custom_padding_phone=\u00bb1px|8%||0.9%|false|false\u00bb global_colors_info=\u00bb{}\u00bb][et_pb_column type=\u00bb4_4&#8243; _builder_version=\u00bb4.20.0&#8243; _module_preset=\u00bbdefault\u00bb global_colors_info=\u00bb{}\u00bb][et_pb_text _builder_version=\u00bb4.27.5&#8243; _module_preset=\u00bbcde26936-8d02-4357-8eff-2c91fa8bb48c\u00bb text_orientation=\u00bbcenter\u00bb custom_margin=\u00bb||10px||false|false\u00bb global_colors_info=\u00bb{}\u00bb]<\/p>\n<h2><span style=\"color: #000000;\">Sobre Claudia<\/span><\/h2>\n<p>[\/et_pb_text][et_pb_text _builder_version=\u00bb4.27.5&#8243; _module_preset=\u00bb8b267694-4d7e-405a-b312-0a45f679236c\u00bb text_orientation=\u00bbcenter\u00bb global_colors_info=\u00bb{}\u00bb]<\/p>\n<p><span style=\"color: #000000;\">Soy la persona que convierte un mensaje, en un buen mensaje.<\/span><\/p>\n<p>[\/et_pb_text][et_pb_button button_url=\u00bb@ET-DC@eyJkeW5hbWljIjp0cnVlLCJjb250ZW50IjoicG9zdF9saW5rX3VybF9wYWdlIiwic2V0dGluZ3MiOnsicG9zdF9pZCI6IjE1NDMifX0=@\u00bb url_new_window=\u00bbon\u00bb button_text=\u00bbLEER M\u00c1S\u00bb button_alignment=\u00bbcenter\u00bb _builder_version=\u00bb4.27.5&#8243; _dynamic_attributes=\u00bbbutton_url\u00bb _module_preset=\u00bba1faa772-efa7-4fc6-a87c-420e9dc1b31e\u00bb global_colors_info=\u00bb{}\u00bb][\/et_pb_button][\/et_pb_column][\/et_pb_row][\/et_pb_section][et_pb_section fb_built=\u00bb1&#8243; admin_label=\u00bbFooter\u00bb _builder_version=\u00bb4.20.0&#8243; _module_preset=\u00bbdefault\u00bb background_color=\u00bb#000000&#8243; saved_tabs=\u00bball\u00bb collapsed=\u00bbon\u00bb global_colors_info=\u00bb{}\u00bb][et_pb_row _builder_version=\u00bb4.27.5&#8243; _module_preset=\u00bbdefault\u00bb background_color=\u00bb#000000&#8243; global_colors_info=\u00bb{}\u00bb][et_pb_column type=\u00bb4_4&#8243; _builder_version=\u00bb4.20.0&#8243; _module_preset=\u00bbdefault\u00bb global_colors_info=\u00bb{}\u00bb][et_pb_social_media_follow _builder_version=\u00bb4.27.5&#8243; _module_preset=\u00bbdefault\u00bb background_color=\u00bb#000000&#8243; text_orientation=\u00bbcenter\u00bb text_orientation_tablet=\u00bbleft\u00bb text_orientation_last_edited=\u00bboff|desktop\u00bb border_radii=\u00bbon|100px|100px|100px|100px\u00bb border_width_all=\u00bb1px\u00bb border_color_all=\u00bb#FFFFFF\u00bb locked=\u00bboff\u00bb global_colors_info=\u00bb{}\u00bb][et_pb_social_media_follow_network social_network=\u00bbinstagram\u00bb url=\u00bbhttps:\/\/www.instagram.com\/claudiazila\u00bb _builder_version=\u00bb4.27.5&#8243; _module_preset=\u00bbdefault\u00bb custom_padding=\u00bb4px|4px|4px|4px|true|true\u00bb global_colors_info=\u00bb{}\u00bb follow_button=\u00bboff\u00bb url_new_window=\u00bbon\u00bb]instagram[\/et_pb_social_media_follow_network][\/et_pb_social_media_follow][\/et_pb_column][\/et_pb_row][\/et_pb_section][et_pb_section fb_built=\u00bb1&#8243; _builder_version=\u00bb4.27.5&#8243; _module_preset=\u00bbdefault\u00bb background_color=\u00bb#000000&#8243; global_colors_info=\u00bb{}\u00bb][et_pb_row column_structure=\u00bb1_3,1_3,1_3&#8243; _builder_version=\u00bb4.27.5&#8243; _module_preset=\u00bbdefault\u00bb background_color=\u00bb#000000&#8243; border_color_all=\u00bbgcid-e6f8585f-043d-4f05-ad96-fb05b9e45208&#8243; border_width_top=\u00bb1px\u00bb global_colors_info=\u00bb{%22gcid-e6f8585f-043d-4f05-ad96-fb05b9e45208%22:%91%22border_color_all%22%93}\u00bb][et_pb_column type=\u00bb1_3&#8243; _builder_version=\u00bb4.20.0&#8243; _module_preset=\u00bbdefault\u00bb global_colors_info=\u00bb{}\u00bb][et_pb_text _builder_version=\u00bb4.27.5&#8243; _module_preset=\u00bbb3eea729-43ab-4af5-839c-af40b6393da7&#8243; header_5_text_color=\u00bb#FFFFFF\u00bb background_color=\u00bb#000000&#8243; custom_margin=\u00bb||0px||false|false\u00bb text_orientation_tablet=\u00bbcenter\u00bb text_orientation_phone=\u00bb\u00bb text_orientation_last_edited=\u00bbon|tablet\u00bb global_colors_info=\u00bb{}\u00bb]<\/p>\n<h5>Ubicaci\u00f3n<\/h5>\n<p>[\/et_pb_text][et_pb_text _builder_version=\u00bb4.27.5&#8243; _module_preset=\u00bb6a182592-6c26-43d7-99e0-ea7ba2e8170b\u00bb link_text_color=\u00bbgcid-e6f8585f-043d-4f05-ad96-fb05b9e45208&#8243; background_color=\u00bb#000000&#8243; text_orientation_tablet=\u00bbcenter\u00bb text_orientation_phone=\u00bb\u00bb text_orientation_last_edited=\u00bbon|tablet\u00bb global_colors_info=\u00bb{%22gcid-e6f8585f-043d-4f05-ad96-fb05b9e45208%22:%91%22link_text_color%22%93}\u00bb]<\/p>\n<p>Santiago, Chile<\/p>\n<p>[\/et_pb_text][\/et_pb_column][et_pb_column type=\u00bb1_3&#8243; _builder_version=\u00bb4.20.0&#8243; _module_preset=\u00bbdefault\u00bb global_colors_info=\u00bb{}\u00bb][et_pb_text _builder_version=\u00bb4.27.5&#8243; _module_preset=\u00bbb3eea729-43ab-4af5-839c-af40b6393da7&#8243; header_5_text_color=\u00bb#FFFFFF\u00bb background_color=\u00bb#000000&#8243; text_orientation=\u00bbcenter\u00bb custom_margin=\u00bb||0px||false|false\u00bb global_colors_info=\u00bb{}\u00bb]<\/p>\n<h5>Tel\u00e9fono<\/h5>\n<p>[\/et_pb_text][et_pb_text _builder_version=\u00bb4.27.5&#8243; _module_preset=\u00bb6a182592-6c26-43d7-99e0-ea7ba2e8170b\u00bb link_text_color=\u00bbgcid-e6f8585f-043d-4f05-ad96-fb05b9e45208&#8243; background_color=\u00bb#000000&#8243; text_orientation=\u00bbcenter\u00bb global_colors_info=\u00bb{%22gcid-e6f8585f-043d-4f05-ad96-fb05b9e45208%22:%91%22link_text_color%22%93}\u00bb]<\/p>\n<p>(56) 971001176<\/p>\n<p>[\/et_pb_text][\/et_pb_column][et_pb_column type=\u00bb1_3&#8243; _builder_version=\u00bb4.20.0&#8243; _module_preset=\u00bbdefault\u00bb global_colors_info=\u00bb{}\u00bb][et_pb_text _builder_version=\u00bb4.27.5&#8243; _module_preset=\u00bbb3eea729-43ab-4af5-839c-af40b6393da7&#8243; header_5_text_color=\u00bb#FFFFFF\u00bb background_color=\u00bb#000000&#8243; text_orientation=\u00bbright\u00bb custom_margin=\u00bb||0px||false|false\u00bb text_orientation_tablet=\u00bbcenter\u00bb text_orientation_phone=\u00bb\u00bb text_orientation_last_edited=\u00bbon|tablet\u00bb global_colors_info=\u00bb{}\u00bb]<\/p>\n<h5>Email<\/h5>\n<p>[\/et_pb_text][et_pb_text _builder_version=\u00bb4.27.5&#8243; _module_preset=\u00bb6a182592-6c26-43d7-99e0-ea7ba2e8170b\u00bb link_text_color=\u00bbgcid-e6f8585f-043d-4f05-ad96-fb05b9e45208&#8243; background_color=\u00bb#000000&#8243; text_orientation=\u00bbright\u00bb text_orientation_tablet=\u00bbcenter\u00bb text_orientation_phone=\u00bb\u00bb text_orientation_last_edited=\u00bbon|tablet\u00bb global_colors_info=\u00bb{%22gcid-e6f8585f-043d-4f05-ad96-fb05b9e45208%22:%91%22link_text_color%22%93}\u00bb]<\/p>\n<p>claudiazilajp@gmail.com<\/p>\n<p>[\/et_pb_text][\/et_pb_column][\/et_pb_row][\/et_pb_section]<\/p>\n","protected":false},"excerpt":{"rendered":"<p>A los cuatro a\u00f1os, cuando por primera vez logr\u00e9 leer una palabra, mi coraz\u00f3n lati\u00f3 tan fuerte que sent\u00ed que el mundo del conocimiento se abr\u00eda frente a mis ojos. Desde ese d\u00eda descubr\u00ed que me gustaba mucho leer, hablar, y llegar al coraz\u00f3n de las personas con mi voz.Crec\u00ed en un entorno donde la [&hellip;]<\/p>\n","protected":false},"author":1,"featured_media":0,"parent":0,"menu_order":0,"comment_status":"closed","ping_status":"closed","template":"","meta":{"_et_pb_use_builder":"on","_et_pb_old_content":"","_et_gb_content_width":"","cybocfi_hide_featured_image":"","footnotes":""},"class_list":["post-1497","page","type-page","status-publish","hentry"],"yoast_head":"<!-- This site is optimized with the Yoast SEO plugin v26.6 - https:\/\/yoast.com\/wordpress\/plugins\/seo\/ -->\n<title>INICIO CLAUDIA ZILA - Claudia Zila<\/title>\n<meta name=\"robots\" content=\"index, follow, max-snippet:-1, max-image-preview:large, max-video-preview:-1\" \/>\n<link rel=\"canonical\" href=\"https:\/\/www.claudiazila.com\/\" \/>\n<meta property=\"og:locale\" content=\"es_ES\" \/>\n<meta property=\"og:type\" content=\"article\" \/>\n<meta property=\"og:title\" content=\"INICIO CLAUDIA ZILA - Claudia Zila\" \/>\n<meta property=\"og:description\" content=\"A los cuatro a\u00f1os, cuando por primera vez logr\u00e9 leer una palabra, mi coraz\u00f3n lati\u00f3 tan fuerte que sent\u00ed que el mundo del conocimiento se abr\u00eda frente a mis ojos. Desde ese d\u00eda descubr\u00ed que me gustaba mucho leer, hablar, y llegar al coraz\u00f3n de las personas con mi voz.Crec\u00ed en un entorno donde la [&hellip;]\" \/>\n<meta property=\"og:url\" content=\"https:\/\/www.claudiazila.com\/\" \/>\n<meta property=\"og:site_name\" content=\"Claudia Zila\" \/>\n<meta property=\"article:modified_time\" content=\"2026-04-21T17:52:20+00:00\" \/>\n<meta name=\"twitter:card\" content=\"summary_large_image\" \/>\n<script type=\"application\/ld+json\" class=\"yoast-schema-graph\">{\"@context\":\"https:\/\/schema.org\",\"@graph\":[{\"@type\":\"WebPage\",\"@id\":\"https:\/\/www.claudiazila.com\/\",\"url\":\"https:\/\/www.claudiazila.com\/\",\"name\":\"INICIO CLAUDIA ZILA - Claudia Zila\",\"isPartOf\":{\"@id\":\"https:\/\/www.claudiazila.com\/#website\"},\"datePublished\":\"2025-12-22T21:48:48+00:00\",\"dateModified\":\"2026-04-21T17:52:20+00:00\",\"breadcrumb\":{\"@id\":\"https:\/\/www.claudiazila.com\/#breadcrumb\"},\"inLanguage\":\"es\",\"potentialAction\":[{\"@type\":\"ReadAction\",\"target\":[\"https:\/\/www.claudiazila.com\/\"]}]},{\"@type\":\"BreadcrumbList\",\"@id\":\"https:\/\/www.claudiazila.com\/#breadcrumb\",\"itemListElement\":[{\"@type\":\"ListItem\",\"position\":1,\"name\":\"Portada\",\"item\":\"https:\/\/www.claudiazila.com\/\"},{\"@type\":\"ListItem\",\"position\":2,\"name\":\"INICIO CLAUDIA ZILA\"}]},{\"@type\":\"WebSite\",\"@id\":\"https:\/\/www.claudiazila.com\/#website\",\"url\":\"https:\/\/www.claudiazila.com\/\",\"name\":\"Claudia Zila\",\"description\":\"Claudia Zila\",\"publisher\":{\"@id\":\"https:\/\/www.claudiazila.com\/#\/schema\/person\/81aaac917ad66e2c2428382dc268be34\"},\"potentialAction\":[{\"@type\":\"SearchAction\",\"target\":{\"@type\":\"EntryPoint\",\"urlTemplate\":\"https:\/\/www.claudiazila.com\/?s={search_term_string}\"},\"query-input\":{\"@type\":\"PropertyValueSpecification\",\"valueRequired\":true,\"valueName\":\"search_term_string\"}}],\"inLanguage\":\"es\"},{\"@type\":[\"Person\",\"Organization\"],\"@id\":\"https:\/\/www.claudiazila.com\/#\/schema\/person\/81aaac917ad66e2c2428382dc268be34\",\"name\":\"clau_adm\",\"image\":{\"@type\":\"ImageObject\",\"inLanguage\":\"es\",\"@id\":\"https:\/\/www.claudiazila.com\/#\/schema\/person\/image\/\",\"url\":\"https:\/\/www.claudiazila.com\/wp-content\/uploads\/2025\/01\/cropped-IMG_7264.jpg\",\"contentUrl\":\"https:\/\/www.claudiazila.com\/wp-content\/uploads\/2025\/01\/cropped-IMG_7264.jpg\",\"width\":512,\"height\":512,\"caption\":\"clau_adm\"},\"logo\":{\"@id\":\"https:\/\/www.claudiazila.com\/#\/schema\/person\/image\/\"},\"sameAs\":[\"https:\/\/www.claudiazila.com\"]}]}<\/script>\n<!-- \/ Yoast SEO plugin. -->","yoast_head_json":{"title":"INICIO CLAUDIA ZILA - Claudia Zila","robots":{"index":"index","follow":"follow","max-snippet":"max-snippet:-1","max-image-preview":"max-image-preview:large","max-video-preview":"max-video-preview:-1"},"canonical":"https:\/\/www.claudiazila.com\/","og_locale":"es_ES","og_type":"article","og_title":"INICIO CLAUDIA ZILA - Claudia Zila","og_description":"A los cuatro a\u00f1os, cuando por primera vez logr\u00e9 leer una palabra, mi coraz\u00f3n lati\u00f3 tan fuerte que sent\u00ed que el mundo del conocimiento se abr\u00eda frente a mis ojos. Desde ese d\u00eda descubr\u00ed que me gustaba mucho leer, hablar, y llegar al coraz\u00f3n de las personas con mi voz.Crec\u00ed en un entorno donde la [&hellip;]","og_url":"https:\/\/www.claudiazila.com\/","og_site_name":"Claudia Zila","article_modified_time":"2026-04-21T17:52:20+00:00","twitter_card":"summary_large_image","schema":{"@context":"https:\/\/schema.org","@graph":[{"@type":"WebPage","@id":"https:\/\/www.claudiazila.com\/","url":"https:\/\/www.claudiazila.com\/","name":"INICIO CLAUDIA ZILA - Claudia Zila","isPartOf":{"@id":"https:\/\/www.claudiazila.com\/#website"},"datePublished":"2025-12-22T21:48:48+00:00","dateModified":"2026-04-21T17:52:20+00:00","breadcrumb":{"@id":"https:\/\/www.claudiazila.com\/#breadcrumb"},"inLanguage":"es","potentialAction":[{"@type":"ReadAction","target":["https:\/\/www.claudiazila.com\/"]}]},{"@type":"BreadcrumbList","@id":"https:\/\/www.claudiazila.com\/#breadcrumb","itemListElement":[{"@type":"ListItem","position":1,"name":"Portada","item":"https:\/\/www.claudiazila.com\/"},{"@type":"ListItem","position":2,"name":"INICIO CLAUDIA ZILA"}]},{"@type":"WebSite","@id":"https:\/\/www.claudiazila.com\/#website","url":"https:\/\/www.claudiazila.com\/","name":"Claudia Zila","description":"Claudia Zila","publisher":{"@id":"https:\/\/www.claudiazila.com\/#\/schema\/person\/81aaac917ad66e2c2428382dc268be34"},"potentialAction":[{"@type":"SearchAction","target":{"@type":"EntryPoint","urlTemplate":"https:\/\/www.claudiazila.com\/?s={search_term_string}"},"query-input":{"@type":"PropertyValueSpecification","valueRequired":true,"valueName":"search_term_string"}}],"inLanguage":"es"},{"@type":["Person","Organization"],"@id":"https:\/\/www.claudiazila.com\/#\/schema\/person\/81aaac917ad66e2c2428382dc268be34","name":"clau_adm","image":{"@type":"ImageObject","inLanguage":"es","@id":"https:\/\/www.claudiazila.com\/#\/schema\/person\/image\/","url":"https:\/\/www.claudiazila.com\/wp-content\/uploads\/2025\/01\/cropped-IMG_7264.jpg","contentUrl":"https:\/\/www.claudiazila.com\/wp-content\/uploads\/2025\/01\/cropped-IMG_7264.jpg","width":512,"height":512,"caption":"clau_adm"},"logo":{"@id":"https:\/\/www.claudiazila.com\/#\/schema\/person\/image\/"},"sameAs":["https:\/\/www.claudiazila.com"]}]}},"_links":{"self":[{"href":"https:\/\/www.claudiazila.com\/index.php\/wp-json\/wp\/v2\/pages\/1497","targetHints":{"allow":["GET"]}}],"collection":[{"href":"https:\/\/www.claudiazila.com\/index.php\/wp-json\/wp\/v2\/pages"}],"about":[{"href":"https:\/\/www.claudiazila.com\/index.php\/wp-json\/wp\/v2\/types\/page"}],"author":[{"embeddable":true,"href":"https:\/\/www.claudiazila.com\/index.php\/wp-json\/wp\/v2\/users\/1"}],"replies":[{"embeddable":true,"href":"https:\/\/www.claudiazila.com\/index.php\/wp-json\/wp\/v2\/comments?post=1497"}],"version-history":[{"count":28,"href":"https:\/\/www.claudiazila.com\/index.php\/wp-json\/wp\/v2\/pages\/1497\/revisions"}],"predecessor-version":[{"id":1677,"href":"https:\/\/www.claudiazila.com\/index.php\/wp-json\/wp\/v2\/pages\/1497\/revisions\/1677"}],"wp:attachment":[{"href":"https:\/\/www.claudiazila.com\/index.php\/wp-json\/wp\/v2\/media?parent=1497"}],"curies":[{"name":"wp","href":"https:\/\/api.w.org\/{rel}","templated":true}]}}