{"id":1543,"date":"2025-12-27T05:16:04","date_gmt":"2025-12-27T05:16:04","guid":{"rendered":"https:\/\/www.claudiazila.com\/?page_id=1543"},"modified":"2026-01-28T20:47:23","modified_gmt":"2026-01-28T20:47:23","slug":"claudia-zila","status":"publish","type":"page","link":"https:\/\/www.claudiazila.com\/index.php\/claudia-zila\/","title":{"rendered":"CLAUDIA ZILA"},"content":{"rendered":"<p>[et_pb_section fb_built=\u00bb1&#8243; admin_label=\u00bbHeader\u00bb _builder_version=\u00bb4.20.0&#8243; _module_preset=\u00bbdefault\u00bb collapsed=\u00bbon\u00bb global_colors_info=\u00bb{}\u00bb][et_pb_row _builder_version=\u00bb4.20.0&#8243; _module_preset=\u00bbdefault\u00bb global_colors_info=\u00bb{}\u00bb][et_pb_column type=\u00bb4_4&#8243; _builder_version=\u00bb4.20.0&#8243; _module_preset=\u00bbdefault\u00bb global_colors_info=\u00bb{}\u00bb][et_pb_text _builder_version=\u00bb4.27.5&#8243; _module_preset=\u00bb4615b900-c923-4147-8573-9f6df82e2ecd\u00bb text_orientation=\u00bbcenter\u00bb global_colors_info=\u00bb{}\u00bb]<\/p>\n<h1>Claudia Zila<\/h1>\n<p>[\/et_pb_text][\/et_pb_column][\/et_pb_row][et_pb_row custom_padding_last_edited=\u00bbon|tablet\u00bb _builder_version=\u00bb4.20.0&#8243; _module_preset=\u00bbdefault\u00bb background_color=\u00bb#000000&#8243; custom_padding=\u00bb80px|80px|80px|80px|true|true\u00bb custom_padding_tablet=\u00bb40px|40px|40px|40px|true|true\u00bb custom_padding_phone=\u00bb20px|20px|20px|20px|true|true\u00bb global_colors_info=\u00bb{}\u00bb][et_pb_column type=\u00bb4_4&#8243; _builder_version=\u00bb4.20.0&#8243; _module_preset=\u00bbdefault\u00bb global_colors_info=\u00bb{}\u00bb][et_pb_image src=\u00bbhttps:\/\/www.claudiazila.com\/wp-content\/uploads\/2025\/12\/WhatsApp-Image-2025-12-27-at-02.06.47.jpeg\u00bb title_text=\u00bbWhatsApp Image 2025-12-27 at 02.06.47&#8243; align=\u00bbcenter\u00bb _builder_version=\u00bb4.27.5&#8243; _module_preset=\u00bbdefault\u00bb background_image=\u00bbhttps:\/\/www.claudiazila.com\/wp-content\/uploads\/2025\/12\/WhatsApp-Image-2025-12-27-at-00.35.35.jpeg\u00bb global_colors_info=\u00bb{}\u00bb][\/et_pb_image][et_pb_text _builder_version=\u00bb4.27.5&#8243; _module_preset=\u00bb6a182592-6c26-43d7-99e0-ea7ba2e8170b\u00bb text_text_color=\u00bb#FFFFFF\u00bb hover_enabled=\u00bb0&#8243; global_colors_info=\u00bb{}\u00bb sticky_enabled=\u00bb0&#8243;]<\/p>\n<p>Cuando te das cuenta cual es el talento con el que Dios te env\u00edo a esta tierra, tu vida toma otro camino, te agarras de las riendas de la realidad y comienzas a\u00a0 abrirte camino con claridad y menos ca\u00eddas.<br \/>Mi talento es comunicar, convertir un mensaje en un BUEN MENSAJE, y tambi\u00e9n ense\u00f1ar, a trav\u00e9s, de mis canales de comunicaci\u00f3n, servicios y vida misma, lo que he aprendido al cultivar mis talentos y car\u00e1cter.<br \/><br data-start=\"259\" data-end=\"262\" \/>Una persona que domina el <strong>arte<\/strong> de la buena comunicaci\u00f3n tendr\u00e1 siempre las puertas abiertas a nuevas oportunidades y <strong data-start=\"700\" data-end=\"711\">aliados<\/strong>.<\/p>\n<p data-start=\"218\" data-end=\"496\">En mi vida diaria y mi trabajo como facilitadora comunicacional, me dedico a <strong data-start=\"230\" data-end=\"268\">dar forma y sentido a los mensajes<\/strong>, transform\u00e1ndolos en expresiones claras, leg\u00edtimas y coherentes, acompa\u00f1ando a personas y proyectos en el arte de aprender a comunicar, integrando disciplinas que he cultivado a lo largo de mi vida profesional y personal.<\/p>\n<p data-start=\"498\" data-end=\"871\">Mi formaci\u00f3n y experiencia se han desarrollado en el <strong data-start=\"551\" data-end=\"650\">derecho, medios de comunicaci\u00f3n, oratoria, protocolo y diplomacia, est\u00e9tica, moda, dise\u00f1o, buenas costumbres, vida social, amor a la familia, a Dios, lealtad y justicia,<\/strong> siempre desde una mirada profundamente humana, sostenida por la fe cristiana. Estas \u00e1reas no operan de manera aislada, dialogan entre s\u00ed y se traducen en una comunicaci\u00f3n consciente, estrat\u00e9gica y con prop\u00f3sito firme.<\/p>\n<p data-start=\"873\" data-end=\"1180\">Hoy comparto ese conocimiento con quienes buscan aprender y crecer como personas, construyendo<strong data-start=\"922\" data-end=\"950\"> una voz s\u00f3lida y p\u00fablica, <\/strong>influyendo y aprendiendo,\u00a0desde el hombre m\u00e1s sencillo hasta quienes ejercen influencia y responsabilidad en espacios p\u00fablicos, sociales, institucionales y empresariales.<br \/>Comunicar bien no es solo hablar, es saber estar, o\u00edr, comprender el contexto, tomar buenas decisiones, y honrar la palabra.<\/p>\n<p>[\/et_pb_text][et_pb_button button_url=\u00bb@ET-DC@eyJkeW5hbWljIjp0cnVlLCJjb250ZW50IjoicG9zdF9saW5rX3VybF9wYWdlIiwic2V0dGluZ3MiOnsicG9zdF9pZCI6IjE2NDEifX0=@\u00bb url_new_window=\u00bbon\u00bb button_text=\u00bbCV Comunicacional\u00bb button_alignment=\u00bbcenter\u00bb _builder_version=\u00bb4.27.5&#8243; _module_preset=\u00bb01f87ed2-15bb-4da6-8f04-238cb405e43f\u00bb hover_enabled=\u00bb0&#8243; global_colors_info=\u00bb{}\u00bb _dynamic_attributes=\u00bbbutton_url\u00bb sticky_enabled=\u00bb0&#8243;][\/et_pb_button][et_pb_button button_url=\u00bbhttp:\/\/www.instagram.com\/claudiazila\u00bb url_new_window=\u00bbon\u00bb button_text=\u00bbS\u00edgueme en Instagram\u00bb button_alignment=\u00bbcenter\u00bb _builder_version=\u00bb4.27.5&#8243; _module_preset=\u00bb01f87ed2-15bb-4da6-8f04-238cb405e43f\u00bb button_bg_color=\u00bb#E09900&#8243; global_colors_info=\u00bb{}\u00bb][\/et_pb_button][\/et_pb_column][\/et_pb_row][\/et_pb_section][et_pb_section fb_built=\u00bb1&#8243; admin_label=\u00bbFooter\u00bb _builder_version=\u00bb4.20.0&#8243; _module_preset=\u00bbdefault\u00bb background_color=\u00bb#000000&#8243; saved_tabs=\u00bball\u00bb collapsed=\u00bbon\u00bb global_colors_info=\u00bb{}\u00bb][et_pb_row column_structure=\u00bb1_3,1_3,1_3&#8243; _builder_version=\u00bb4.20.0&#8243; _module_preset=\u00bbdefault\u00bb border_color_all=\u00bbgcid-e6f8585f-043d-4f05-ad96-fb05b9e45208&#8243; border_width_top=\u00bb1px\u00bb global_colors_info=\u00bb{%22gcid-e6f8585f-043d-4f05-ad96-fb05b9e45208%22:%91%22border_color_all%22%93}\u00bb][et_pb_column type=\u00bb1_3&#8243; _builder_version=\u00bb4.20.0&#8243; _module_preset=\u00bbdefault\u00bb global_colors_info=\u00bb{}\u00bb][et_pb_text _builder_version=\u00bb4.27.5&#8243; _module_preset=\u00bbb3eea729-43ab-4af5-839c-af40b6393da7&#8243; header_5_text_color=\u00bb#FFFFFF\u00bb custom_margin=\u00bb||0px||false|false\u00bb text_orientation_tablet=\u00bbcenter\u00bb text_orientation_phone=\u00bb\u00bb text_orientation_last_edited=\u00bbon|tablet\u00bb global_colors_info=\u00bb{}\u00bb]<\/p>\n<h5>Ubicaci\u00f3n<\/h5>\n<p>[\/et_pb_text][et_pb_text _builder_version=\u00bb4.27.5&#8243; _module_preset=\u00bb6a182592-6c26-43d7-99e0-ea7ba2e8170b\u00bb link_text_color=\u00bbgcid-e6f8585f-043d-4f05-ad96-fb05b9e45208&#8243; text_orientation_tablet=\u00bbcenter\u00bb text_orientation_phone=\u00bb\u00bb text_orientation_last_edited=\u00bbon|tablet\u00bb global_colors_info=\u00bb{%22gcid-e6f8585f-043d-4f05-ad96-fb05b9e45208%22:%91%22link_text_color%22%93}\u00bb]<\/p>\n<p>Santiago, Chile<\/p>\n<p>[\/et_pb_text][\/et_pb_column][et_pb_column type=\u00bb1_3&#8243; _builder_version=\u00bb4.20.0&#8243; _module_preset=\u00bbdefault\u00bb global_colors_info=\u00bb{}\u00bb][et_pb_text _builder_version=\u00bb4.27.5&#8243; _module_preset=\u00bbb3eea729-43ab-4af5-839c-af40b6393da7&#8243; header_5_text_color=\u00bb#FFFFFF\u00bb text_orientation=\u00bbcenter\u00bb custom_margin=\u00bb||0px||false|false\u00bb global_colors_info=\u00bb{}\u00bb]<\/p>\n<h5>Tel\u00e9fono\u00a0<\/h5>\n<p>[\/et_pb_text][et_pb_text _builder_version=\u00bb4.27.5&#8243; _module_preset=\u00bb6a182592-6c26-43d7-99e0-ea7ba2e8170b\u00bb link_text_color=\u00bbgcid-e6f8585f-043d-4f05-ad96-fb05b9e45208&#8243; text_orientation=\u00bbcenter\u00bb global_colors_info=\u00bb{%22gcid-e6f8585f-043d-4f05-ad96-fb05b9e45208%22:%91%22link_text_color%22%93}\u00bb]<\/p>\n<p>(+56) 971001176<\/p>\n<p>[\/et_pb_text][\/et_pb_column][et_pb_column type=\u00bb1_3&#8243; _builder_version=\u00bb4.20.0&#8243; _module_preset=\u00bbdefault\u00bb global_colors_info=\u00bb{}\u00bb][et_pb_text _builder_version=\u00bb4.20.0&#8243; _module_preset=\u00bbb3eea729-43ab-4af5-839c-af40b6393da7&#8243; header_5_text_color=\u00bb#FFFFFF\u00bb text_orientation=\u00bbright\u00bb custom_margin=\u00bb||0px||false|false\u00bb text_orientation_tablet=\u00bbcenter\u00bb text_orientation_phone=\u00bb\u00bb text_orientation_last_edited=\u00bbon|tablet\u00bb global_colors_info=\u00bb{}\u00bb]<\/p>\n<h5>Email<\/h5>\n<p>[\/et_pb_text][et_pb_text _builder_version=\u00bb4.27.5&#8243; _module_preset=\u00bb6a182592-6c26-43d7-99e0-ea7ba2e8170b\u00bb link_text_color=\u00bbgcid-e6f8585f-043d-4f05-ad96-fb05b9e45208&#8243; text_orientation=\u00bbright\u00bb text_orientation_tablet=\u00bbcenter\u00bb text_orientation_phone=\u00bb\u00bb text_orientation_last_edited=\u00bbon|tablet\u00bb global_colors_info=\u00bb{%22gcid-e6f8585f-043d-4f05-ad96-fb05b9e45208%22:%91%22link_text_color%22%93}\u00bb]<\/p>\n<p>claudiazilajp@gmail.com<\/p>\n<p>[\/et_pb_text][\/et_pb_column][\/et_pb_row][\/et_pb_section]<\/p>\n","protected":false},"excerpt":{"rendered":"<p>Claudia ZilaCuando te das cuenta cual es el talento con el que Dios te env\u00edo a esta tierra, tu vida toma otro camino, te agarras de las riendas de la realidad y comienzas a\u00a0 abrirte camino con claridad y menos ca\u00eddas.Mi talento es comunicar, convertir un mensaje en un BUEN MENSAJE, y tambi\u00e9n ense\u00f1ar, a [&hellip;]<\/p>\n","protected":false},"author":1,"featured_media":0,"parent":0,"menu_order":0,"comment_status":"closed","ping_status":"closed","template":"","meta":{"_et_pb_use_builder":"on","_et_pb_old_content":"","_et_gb_content_width":"","cybocfi_hide_featured_image":"","footnotes":""},"class_list":["post-1543","page","type-page","status-publish","hentry"],"yoast_head":"<!-- This site is optimized with the Yoast SEO plugin v26.6 - https:\/\/yoast.com\/wordpress\/plugins\/seo\/ -->\n<title>CLAUDIA ZILA - Claudia Zila<\/title>\n<meta name=\"robots\" content=\"index, follow, max-snippet:-1, max-image-preview:large, max-video-preview:-1\" \/>\n<link rel=\"canonical\" href=\"https:\/\/www.claudiazila.com\/index.php\/claudia-zila\/\" \/>\n<meta property=\"og:locale\" content=\"es_ES\" \/>\n<meta property=\"og:type\" content=\"article\" \/>\n<meta property=\"og:title\" content=\"CLAUDIA ZILA - Claudia Zila\" \/>\n<meta property=\"og:description\" content=\"Claudia ZilaCuando te das cuenta cual es el talento con el que Dios te env\u00edo a esta tierra, tu vida toma otro camino, te agarras de las riendas de la realidad y comienzas a\u00a0 abrirte camino con claridad y menos ca\u00eddas.Mi talento es comunicar, convertir un mensaje en un BUEN MENSAJE, y tambi\u00e9n ense\u00f1ar, a [&hellip;]\" \/>\n<meta property=\"og:url\" content=\"https:\/\/www.claudiazila.com\/index.php\/claudia-zila\/\" \/>\n<meta property=\"og:site_name\" content=\"Claudia Zila\" \/>\n<meta property=\"article:modified_time\" content=\"2026-01-28T20:47:23+00:00\" \/>\n<meta name=\"twitter:card\" content=\"summary_large_image\" \/>\n<script type=\"application\/ld+json\" class=\"yoast-schema-graph\">{\"@context\":\"https:\/\/schema.org\",\"@graph\":[{\"@type\":\"WebPage\",\"@id\":\"https:\/\/www.claudiazila.com\/index.php\/claudia-zila\/\",\"url\":\"https:\/\/www.claudiazila.com\/index.php\/claudia-zila\/\",\"name\":\"CLAUDIA ZILA - Claudia Zila\",\"isPartOf\":{\"@id\":\"https:\/\/www.claudiazila.com\/#website\"},\"datePublished\":\"2025-12-27T05:16:04+00:00\",\"dateModified\":\"2026-01-28T20:47:23+00:00\",\"breadcrumb\":{\"@id\":\"https:\/\/www.claudiazila.com\/index.php\/claudia-zila\/#breadcrumb\"},\"inLanguage\":\"es\",\"potentialAction\":[{\"@type\":\"ReadAction\",\"target\":[\"https:\/\/www.claudiazila.com\/index.php\/claudia-zila\/\"]}]},{\"@type\":\"BreadcrumbList\",\"@id\":\"https:\/\/www.claudiazila.com\/index.php\/claudia-zila\/#breadcrumb\",\"itemListElement\":[{\"@type\":\"ListItem\",\"position\":1,\"name\":\"Portada\",\"item\":\"https:\/\/www.claudiazila.com\/\"},{\"@type\":\"ListItem\",\"position\":2,\"name\":\"CLAUDIA ZILA\"}]},{\"@type\":\"WebSite\",\"@id\":\"https:\/\/www.claudiazila.com\/#website\",\"url\":\"https:\/\/www.claudiazila.com\/\",\"name\":\"Claudia Zila\",\"description\":\"Claudia Zila\",\"publisher\":{\"@id\":\"https:\/\/www.claudiazila.com\/#\/schema\/person\/81aaac917ad66e2c2428382dc268be34\"},\"potentialAction\":[{\"@type\":\"SearchAction\",\"target\":{\"@type\":\"EntryPoint\",\"urlTemplate\":\"https:\/\/www.claudiazila.com\/?s={search_term_string}\"},\"query-input\":{\"@type\":\"PropertyValueSpecification\",\"valueRequired\":true,\"valueName\":\"search_term_string\"}}],\"inLanguage\":\"es\"},{\"@type\":[\"Person\",\"Organization\"],\"@id\":\"https:\/\/www.claudiazila.com\/#\/schema\/person\/81aaac917ad66e2c2428382dc268be34\",\"name\":\"clau_adm\",\"image\":{\"@type\":\"ImageObject\",\"inLanguage\":\"es\",\"@id\":\"https:\/\/www.claudiazila.com\/#\/schema\/person\/image\/\",\"url\":\"https:\/\/www.claudiazila.com\/wp-content\/uploads\/2025\/01\/cropped-IMG_7264.jpg\",\"contentUrl\":\"https:\/\/www.claudiazila.com\/wp-content\/uploads\/2025\/01\/cropped-IMG_7264.jpg\",\"width\":512,\"height\":512,\"caption\":\"clau_adm\"},\"logo\":{\"@id\":\"https:\/\/www.claudiazila.com\/#\/schema\/person\/image\/\"},\"sameAs\":[\"https:\/\/www.claudiazila.com\"]}]}<\/script>\n<!-- \/ Yoast SEO plugin. -->","yoast_head_json":{"title":"CLAUDIA ZILA - Claudia Zila","robots":{"index":"index","follow":"follow","max-snippet":"max-snippet:-1","max-image-preview":"max-image-preview:large","max-video-preview":"max-video-preview:-1"},"canonical":"https:\/\/www.claudiazila.com\/index.php\/claudia-zila\/","og_locale":"es_ES","og_type":"article","og_title":"CLAUDIA ZILA - Claudia Zila","og_description":"Claudia ZilaCuando te das cuenta cual es el talento con el que Dios te env\u00edo a esta tierra, tu vida toma otro camino, te agarras de las riendas de la realidad y comienzas a\u00a0 abrirte camino con claridad y menos ca\u00eddas.Mi talento es comunicar, convertir un mensaje en un BUEN MENSAJE, y tambi\u00e9n ense\u00f1ar, a [&hellip;]","og_url":"https:\/\/www.claudiazila.com\/index.php\/claudia-zila\/","og_site_name":"Claudia Zila","article_modified_time":"2026-01-28T20:47:23+00:00","twitter_card":"summary_large_image","schema":{"@context":"https:\/\/schema.org","@graph":[{"@type":"WebPage","@id":"https:\/\/www.claudiazila.com\/index.php\/claudia-zila\/","url":"https:\/\/www.claudiazila.com\/index.php\/claudia-zila\/","name":"CLAUDIA ZILA - Claudia Zila","isPartOf":{"@id":"https:\/\/www.claudiazila.com\/#website"},"datePublished":"2025-12-27T05:16:04+00:00","dateModified":"2026-01-28T20:47:23+00:00","breadcrumb":{"@id":"https:\/\/www.claudiazila.com\/index.php\/claudia-zila\/#breadcrumb"},"inLanguage":"es","potentialAction":[{"@type":"ReadAction","target":["https:\/\/www.claudiazila.com\/index.php\/claudia-zila\/"]}]},{"@type":"BreadcrumbList","@id":"https:\/\/www.claudiazila.com\/index.php\/claudia-zila\/#breadcrumb","itemListElement":[{"@type":"ListItem","position":1,"name":"Portada","item":"https:\/\/www.claudiazila.com\/"},{"@type":"ListItem","position":2,"name":"CLAUDIA ZILA"}]},{"@type":"WebSite","@id":"https:\/\/www.claudiazila.com\/#website","url":"https:\/\/www.claudiazila.com\/","name":"Claudia Zila","description":"Claudia Zila","publisher":{"@id":"https:\/\/www.claudiazila.com\/#\/schema\/person\/81aaac917ad66e2c2428382dc268be34"},"potentialAction":[{"@type":"SearchAction","target":{"@type":"EntryPoint","urlTemplate":"https:\/\/www.claudiazila.com\/?s={search_term_string}"},"query-input":{"@type":"PropertyValueSpecification","valueRequired":true,"valueName":"search_term_string"}}],"inLanguage":"es"},{"@type":["Person","Organization"],"@id":"https:\/\/www.claudiazila.com\/#\/schema\/person\/81aaac917ad66e2c2428382dc268be34","name":"clau_adm","image":{"@type":"ImageObject","inLanguage":"es","@id":"https:\/\/www.claudiazila.com\/#\/schema\/person\/image\/","url":"https:\/\/www.claudiazila.com\/wp-content\/uploads\/2025\/01\/cropped-IMG_7264.jpg","contentUrl":"https:\/\/www.claudiazila.com\/wp-content\/uploads\/2025\/01\/cropped-IMG_7264.jpg","width":512,"height":512,"caption":"clau_adm"},"logo":{"@id":"https:\/\/www.claudiazila.com\/#\/schema\/person\/image\/"},"sameAs":["https:\/\/www.claudiazila.com"]}]}},"_links":{"self":[{"href":"https:\/\/www.claudiazila.com\/index.php\/wp-json\/wp\/v2\/pages\/1543","targetHints":{"allow":["GET"]}}],"collection":[{"href":"https:\/\/www.claudiazila.com\/index.php\/wp-json\/wp\/v2\/pages"}],"about":[{"href":"https:\/\/www.claudiazila.com\/index.php\/wp-json\/wp\/v2\/types\/page"}],"author":[{"embeddable":true,"href":"https:\/\/www.claudiazila.com\/index.php\/wp-json\/wp\/v2\/users\/1"}],"replies":[{"embeddable":true,"href":"https:\/\/www.claudiazila.com\/index.php\/wp-json\/wp\/v2\/comments?post=1543"}],"version-history":[{"count":9,"href":"https:\/\/www.claudiazila.com\/index.php\/wp-json\/wp\/v2\/pages\/1543\/revisions"}],"predecessor-version":[{"id":1654,"href":"https:\/\/www.claudiazila.com\/index.php\/wp-json\/wp\/v2\/pages\/1543\/revisions\/1654"}],"wp:attachment":[{"href":"https:\/\/www.claudiazila.com\/index.php\/wp-json\/wp\/v2\/media?parent=1543"}],"curies":[{"name":"wp","href":"https:\/\/api.w.org\/{rel}","templated":true}]}}