{"id":296,"date":"2025-02-01T15:26:22","date_gmt":"2025-02-01T15:26:22","guid":{"rendered":"https:\/\/www.claudiazila.com\/?page_id=296"},"modified":"2025-08-10T04:35:33","modified_gmt":"2025-08-10T04:35:33","slug":"curso-identidad-de-valientes","status":"publish","type":"page","link":"https:\/\/www.claudiazila.com\/index.php\/curso-identidad-de-valientes\/","title":{"rendered":"CURSO INDENTIDAD DE VALIENTES"},"content":{"rendered":"\n[et_pb_section fb_built=\u00bb1&#8243; fullwidth=\u00bbon\u00bb _builder_version=\u00bb4.27.4&#8243; _module_preset=\u00bbdefault\u00bb background_image=\u00bbhttps:\/\/www.claudiazila.com\/wp-content\/uploads\/2025\/06\/CURSO-IDENTIDAD-DE-VALIENTES-3-4.png\u00bb global_colors_info=\u00bb{}\u00bb][et_pb_fullwidth_image src=\u00bbhttps:\/\/www.claudiazila.com\/wp-content\/uploads\/2025\/06\/CURSO-IDENTIDAD-DE-VALIENTES-3-4.png\u00bb title_text=\u00bbCURSO IDENTIDAD DE VALIENTES (3) (4)\u00bb _builder_version=\u00bb4.27.4&#8243; _module_preset=\u00bbdefault\u00bb custom_margin=\u00bb||-11px|||\u00bb global_colors_info=\u00bb{}\u00bb][\/et_pb_fullwidth_image][\/et_pb_section][et_pb_section fb_built=\u00bb1&#8243; admin_label=\u00bbAbout\u00bb _builder_version=\u00bb4.27.4&#8243; _module_preset=\u00bbdefault\u00bb background_color=\u00bb#FFFFFF\u00bb custom_margin=\u00bb11px|||||\u00bb custom_padding=\u00bb7px||25px|||\u00bb collapsed=\u00bbon\u00bb global_colors_info=\u00bb{}\u00bb][et_pb_row _builder_version=\u00bb4.20.0&#8243; _module_preset=\u00bbdefault\u00bb custom_padding=\u00bb||0px||false|false\u00bb global_colors_info=\u00bb{}\u00bb][et_pb_column type=\u00bb4_4&#8243; _builder_version=\u00bb4.20.0&#8243; _module_preset=\u00bbdefault\u00bb global_colors_info=\u00bb{}\u00bb][et_pb_text _builder_version=\u00bb4.27.4&#8243; _module_preset=\u00bbb8ce3bfa-5aed-47ab-af73-a44360111548&#8243; text_text_color=\u00bb#3c280c\u00bb text_font_size=\u00bb17px\u00bb header_text_align=\u00bbcenter\u00bb header_2_text_color=\u00bb#FFFFFF\u00bb header_2_font_size=\u00bb37px\u00bb header_2_letter_spacing=\u00bb0em\u00bb header_2_line_height=\u00bb1em\u00bb header_3_text_color=\u00bb#3c280c\u00bb header_4_text_color=\u00bb#3c280c\u00bb hover_enabled=\u00bb0&#8243; header_2_font_size_phone=\u00bb22px\u00bb global_colors_info=\u00bb{}\u00bb sticky_enabled=\u00bb0&#8243;]<p data-start=\"251\" data-end=\"331\" style=\"text-align: justify;\"><strong data-start=\"251\" data-end=\"331\">Un viaje de car\u00e1cter, prop\u00f3sito y hermandad para hombres de todas las edades<\/strong><\/p>\n<p data-start=\"333\" data-end=\"706\" style=\"text-align: justify;\"><strong data-start=\"333\" data-end=\"368\">\u00bfQu\u00e9 es IDENTIDAD DE VALIENTES?<\/strong><br data-start=\"368\" data-end=\"371\" \/>Es una metodolog\u00eda de ense\u00f1anza basada en tres \u00e1reas 1. Cultivar el caracter 2. Disfrutar la vida y 3. Valorar a las mujeres.<br \/>Dise\u00f1ado para ni\u00f1os desde los 5 a\u00f1os, hasta hombres adultos.<br \/>Nuestro prop\u00f3sito es formar varones con identidad s\u00f3lida, principios firmes y corazones valientes.<br \/>Creemos que cada etapa de la vida masculina tiene desaf\u00edos \u00fanicos y tambi\u00e9n un llamado especial, por eso ofrecemos cursos para ellos en cuatro etapas:<\/p>\n<p data-start=\"708\" data-end=\"1156\" style=\"text-align: justify;\"><strong data-start=\"711\" data-end=\"729\">1. &#8211; Cachorros valientes, de 5-9 y 10-13 a\u00f1os<\/strong>: \u00abDonde nace el rugido\u00bb. Sembramos la semilla de la valent\u00eda y el respeto, con juegos, relatos y conversaciones simples pero profundas.<br data-start=\"841\" data-end=\"844\" \/><strong data-start=\"847\" data-end=\"866\">2. &#8211; Leones despiertos, de 14 a 20 a\u00f1os<\/strong>: \u00abAbriendo los ojos al reino\u00bb Forjamos car\u00e1cter, abordando temas como identidad, liderazgo, sexualidad y decisiones.<br data-start=\"954\" data-end=\"957\" \/><strong data-start=\"960\" data-end=\"979\">3. &#8211; Guerreros del camino, de 21 a 40 a\u00f1os<\/strong>: \u00abEnfrentando el mundo con valent\u00eda\u00bb Trabajamos prop\u00f3sito, relaciones, estabilidad emocional y visi\u00f3n de vida.<br data-start=\"1054\" data-end=\"1057\" \/><strong data-start=\"1060\" data-end=\"1079\">4. &#8211; Guardianes del legado, de 41 a 99 a\u00f1os<\/strong>: \u00abEl rugido que gu\u00eda\u00bb. Rescatamos la sabidur\u00eda, la usamos en beneficio de los que vienen d\u00e1ndole espacio a ellos para un liderazgo de legado.<\/p>\n<p data-start=\"1158\" data-end=\"1191\" style=\"text-align: justify;\"><strong data-start=\"1158\" data-end=\"1189\">\u00bfQu\u00e9 hacemos en cada curso?<\/strong><\/p>\n<ul data-start=\"1192\" data-end=\"1576\" style=\"text-align: justify;\">\n<li data-start=\"1192\" data-end=\"1353\">\n<p data-start=\"1194\" data-end=\"1353\">Escuchamos, aprendemos\u00a0 y compartimos <strong data-start=\"1219\" data-end=\"1247\">historias de vida reales<\/strong>, con testimonios de hombres que vencieron el miedo, la confusi\u00f3n o la soledad, adquiriendo nuevas herramientas para cultivar nuestro car\u00e1cter.<\/p>\n<\/li>\n<li data-start=\"1354\" data-end=\"1460\">\n<p data-start=\"1356\" data-end=\"1460\">Disfrutamos de <strong data-start=\"1371\" data-end=\"1411\">buena comida y conversaciones<\/strong>, creando un ambiente de confianza y comunidad.<\/p>\n<\/li>\n<li data-start=\"1461\" data-end=\"1576\">\n<p data-start=\"1463\" data-end=\"1576\">Activamos el <strong data-start=\"1476\" data-end=\"1497\">compromiso social<\/strong>: cada curso se convierte en una cadena de ayuda para los leones que m\u00e1s lo necesitan.<\/p>\n<\/li>\n<\/ul>\n<h3 data-start=\"207\" data-end=\"261\" style=\"text-align: justify;\">\ud83e\udded \u00bfC\u00f3mo participar en <strong data-start=\"234\" data-end=\"260\">IDENTIDAD DE VALIENTES<\/strong>?<\/h3>\n<p data-start=\"263\" data-end=\"483\" style=\"text-align: justify;\">Nuestra comunidad crece con hombres decididos a vivir con prop\u00f3sito y ayudar a otros a descubrir su verdadera identidad. Hay varias formas de ser parte, seg\u00fan la etapa de vida en la que est\u00e9s o el rol que quieras asumir:<\/p>\n<h4 data-start=\"485\" data-end=\"545\" style=\"text-align: justify;\">\ud83d\udd38 1. <strong data-start=\"496\" data-end=\"543\">Asiste a nuestras experiencias presenciales<\/strong><\/h4>\n<p data-start=\"546\" data-end=\"800\" style=\"text-align: justify;\">A lo largo del a\u00f1o realizaremos <strong data-start=\"578\" data-end=\"687\">cenas tem\u00e1ticas, jornadas de conversaci\u00f3n, encuentros por generaciones y salidas especiales entre hombres<\/strong>.<br data-start=\"688\" data-end=\"691\" \/>Cada encuentro incluye un tema central, buena comida, historias reales y herramientas pr\u00e1cticas para la vida.<\/p>\n<h4 data-start=\"802\" data-end=\"853\" style=\"text-align: justify;\">\ud83d\udd38 2. <strong data-start=\"813\" data-end=\"851\">\u00danete al curso en tu etapa de vida<\/strong><\/h4>\n<p data-start=\"854\" data-end=\"1025\" style=\"text-align: justify;\">Selecciona tu grupo seg\u00fan tu edad y forma parte de la comunidad.<br data-start=\"937\" data-end=\"940\" \/>Tenemos contenido, din\u00e1micas y mentores especialmente dise\u00f1ados para cada generaci\u00f3n.<\/p>\n<h4 data-start=\"1027\" data-end=\"1070\" style=\"text-align: justify;\">\ud83d\udd38 3. <strong data-start=\"1038\" data-end=\"1068\">Apadrina a un ni\u00f1o o joven<\/strong><\/h4>\n<p data-start=\"1071\" data-end=\"1298\" style=\"text-align: justify;\">En cada junta o encuentro, podr\u00e1s <strong data-start=\"1105\" data-end=\"1142\">donar o comprometerte a apadrinar<\/strong> a ni\u00f1os y adolescentes que quieren ser parte del curso, pero no tienen los recursos.<br data-start=\"1227\" data-end=\"1230\" \/>Tu participaci\u00f3n puede abrir una puerta de transformaci\u00f3n para otro.<\/p>\n<h4 data-start=\"1300\" data-end=\"1349\" style=\"text-align: justify;\">\ud83d\udd38 4. <strong data-start=\"1311\" data-end=\"1347\">Invita a otros hombres a sumarse<\/strong><\/h4>\n<p data-start=\"1350\" data-end=\"1541\" style=\"text-align: justify;\">La transformaci\u00f3n se multiplica cuando no caminas solo.<br data-start=\"1405\" data-end=\"1408\" \/>Invita a un amigo, un hijo, un padre, un colega o un vecino. Juntos, pueden ser parte de una red que cambia vidas y construye legado.<\/p>\n<hr data-start=\"1543\" data-end=\"1546\" \/>\n<p data-start=\"1548\" data-end=\"1716\" style=\"text-align: justify;\"><strong data-start=\"1548\" data-end=\"1605\">Pronto anunciaremos nuestro primer encuentro del a\u00f1o.<\/strong><br data-start=\"1605\" data-end=\"1608\" \/>S\u00edguenos en redes sociales o escr\u00edbenos directamente para recibir la informaci\u00f3n.<\/p>[\/et_pb_text][\/et_pb_column][\/et_pb_row][\/et_pb_section][et_pb_section fb_built=\u00bb1&#8243; fullwidth=\u00bbon\u00bb _builder_version=\u00bb4.27.4&#8243; _module_preset=\u00bbdefault\u00bb global_colors_info=\u00bb{}\u00bb][et_pb_fullwidth_image src=\u00bbhttps:\/\/www.claudiazila.com\/wp-content\/uploads\/2025\/06\/Memento-1.png\u00bb title_text=\u00bbMemento (1)\u00bb _builder_version=\u00bb4.27.4&#8243; _module_preset=\u00bbdefault\u00bb global_colors_info=\u00bb{}\u00bb][\/et_pb_fullwidth_image][\/et_pb_section]\n","protected":false},"excerpt":{"rendered":"<p>Un viaje de car\u00e1cter, prop\u00f3sito y hermandad para hombres de todas las edades \u00bfQu\u00e9 es IDENTIDAD DE VALIENTES?Es una metodolog\u00eda de ense\u00f1anza basada en tres \u00e1reas 1. Cultivar el caracter 2. Disfrutar la vida y 3. Valorar a las mujeres.Dise\u00f1ado para ni\u00f1os desde los 5 a\u00f1os, hasta hombres adultos.Nuestro prop\u00f3sito es formar varones con identidad [&hellip;]<\/p>\n","protected":false},"author":1,"featured_media":1162,"parent":0,"menu_order":0,"comment_status":"closed","ping_status":"closed","template":"","meta":{"_et_pb_use_builder":"on","_et_pb_old_content":"<!-- wp:divi\/placeholder \/-->","_et_gb_content_width":"","cybocfi_hide_featured_image":"","footnotes":""},"class_list":["post-296","page","type-page","status-publish","has-post-thumbnail","hentry"],"yoast_head":"<!-- This site is optimized with the Yoast SEO plugin v26.6 - https:\/\/yoast.com\/wordpress\/plugins\/seo\/ -->\n<title>CURSO INDENTIDAD DE VALIENTES - Claudia Zila<\/title>\n<meta name=\"robots\" content=\"index, follow, max-snippet:-1, max-image-preview:large, max-video-preview:-1\" \/>\n<link rel=\"canonical\" href=\"https:\/\/www.claudiazila.com\/index.php\/curso-identidad-de-valientes\/\" \/>\n<meta property=\"og:locale\" content=\"es_ES\" \/>\n<meta property=\"og:type\" content=\"article\" \/>\n<meta property=\"og:title\" content=\"CURSO INDENTIDAD DE VALIENTES - Claudia Zila\" \/>\n<meta property=\"og:description\" content=\"Un viaje de car\u00e1cter, prop\u00f3sito y hermandad para hombres de todas las edades \u00bfQu\u00e9 es IDENTIDAD DE VALIENTES?Es una metodolog\u00eda de ense\u00f1anza basada en tres \u00e1reas 1. Cultivar el caracter 2. Disfrutar la vida y 3. Valorar a las mujeres.Dise\u00f1ado para ni\u00f1os desde los 5 a\u00f1os, hasta hombres adultos.Nuestro prop\u00f3sito es formar varones con identidad [&hellip;]\" \/>\n<meta property=\"og:url\" content=\"https:\/\/www.claudiazila.com\/index.php\/curso-identidad-de-valientes\/\" \/>\n<meta property=\"og:site_name\" content=\"Claudia Zila\" \/>\n<meta property=\"article:modified_time\" content=\"2025-08-10T04:35:33+00:00\" \/>\n<meta name=\"twitter:card\" content=\"summary_large_image\" \/>\n<meta name=\"twitter:label1\" content=\"Tiempo de lectura\" \/>\n\t<meta name=\"twitter:data1\" content=\"3 minutos\" \/>\n<script type=\"application\/ld+json\" class=\"yoast-schema-graph\">{\"@context\":\"https:\/\/schema.org\",\"@graph\":[{\"@type\":\"WebPage\",\"@id\":\"https:\/\/www.claudiazila.com\/index.php\/curso-identidad-de-valientes\/\",\"url\":\"https:\/\/www.claudiazila.com\/index.php\/curso-identidad-de-valientes\/\",\"name\":\"CURSO INDENTIDAD DE VALIENTES - Claudia Zila\",\"isPartOf\":{\"@id\":\"https:\/\/www.claudiazila.com\/#website\"},\"primaryImageOfPage\":{\"@id\":\"https:\/\/www.claudiazila.com\/index.php\/curso-identidad-de-valientes\/#primaryimage\"},\"image\":{\"@id\":\"https:\/\/www.claudiazila.com\/index.php\/curso-identidad-de-valientes\/#primaryimage\"},\"thumbnailUrl\":\"\",\"datePublished\":\"2025-02-01T15:26:22+00:00\",\"dateModified\":\"2025-08-10T04:35:33+00:00\",\"breadcrumb\":{\"@id\":\"https:\/\/www.claudiazila.com\/index.php\/curso-identidad-de-valientes\/#breadcrumb\"},\"inLanguage\":\"es\",\"potentialAction\":[{\"@type\":\"ReadAction\",\"target\":[\"https:\/\/www.claudiazila.com\/index.php\/curso-identidad-de-valientes\/\"]}]},{\"@type\":\"ImageObject\",\"inLanguage\":\"es\",\"@id\":\"https:\/\/www.claudiazila.com\/index.php\/curso-identidad-de-valientes\/#primaryimage\",\"url\":\"\",\"contentUrl\":\"\"},{\"@type\":\"BreadcrumbList\",\"@id\":\"https:\/\/www.claudiazila.com\/index.php\/curso-identidad-de-valientes\/#breadcrumb\",\"itemListElement\":[{\"@type\":\"ListItem\",\"position\":1,\"name\":\"Portada\",\"item\":\"https:\/\/www.claudiazila.com\/\"},{\"@type\":\"ListItem\",\"position\":2,\"name\":\"CURSO INDENTIDAD DE VALIENTES\"}]},{\"@type\":\"WebSite\",\"@id\":\"https:\/\/www.claudiazila.com\/#website\",\"url\":\"https:\/\/www.claudiazila.com\/\",\"name\":\"Claudia Zila\",\"description\":\"Claudia Zila\",\"publisher\":{\"@id\":\"https:\/\/www.claudiazila.com\/#\/schema\/person\/81aaac917ad66e2c2428382dc268be34\"},\"potentialAction\":[{\"@type\":\"SearchAction\",\"target\":{\"@type\":\"EntryPoint\",\"urlTemplate\":\"https:\/\/www.claudiazila.com\/?s={search_term_string}\"},\"query-input\":{\"@type\":\"PropertyValueSpecification\",\"valueRequired\":true,\"valueName\":\"search_term_string\"}}],\"inLanguage\":\"es\"},{\"@type\":[\"Person\",\"Organization\"],\"@id\":\"https:\/\/www.claudiazila.com\/#\/schema\/person\/81aaac917ad66e2c2428382dc268be34\",\"name\":\"clau_adm\",\"image\":{\"@type\":\"ImageObject\",\"inLanguage\":\"es\",\"@id\":\"https:\/\/www.claudiazila.com\/#\/schema\/person\/image\/\",\"url\":\"https:\/\/www.claudiazila.com\/wp-content\/uploads\/2025\/01\/cropped-IMG_7264.jpg\",\"contentUrl\":\"https:\/\/www.claudiazila.com\/wp-content\/uploads\/2025\/01\/cropped-IMG_7264.jpg\",\"width\":512,\"height\":512,\"caption\":\"clau_adm\"},\"logo\":{\"@id\":\"https:\/\/www.claudiazila.com\/#\/schema\/person\/image\/\"},\"sameAs\":[\"https:\/\/www.claudiazila.com\"]}]}<\/script>\n<!-- \/ Yoast SEO plugin. -->","yoast_head_json":{"title":"CURSO INDENTIDAD DE VALIENTES - Claudia Zila","robots":{"index":"index","follow":"follow","max-snippet":"max-snippet:-1","max-image-preview":"max-image-preview:large","max-video-preview":"max-video-preview:-1"},"canonical":"https:\/\/www.claudiazila.com\/index.php\/curso-identidad-de-valientes\/","og_locale":"es_ES","og_type":"article","og_title":"CURSO INDENTIDAD DE VALIENTES - Claudia Zila","og_description":"Un viaje de car\u00e1cter, prop\u00f3sito y hermandad para hombres de todas las edades \u00bfQu\u00e9 es IDENTIDAD DE VALIENTES?Es una metodolog\u00eda de ense\u00f1anza basada en tres \u00e1reas 1. Cultivar el caracter 2. Disfrutar la vida y 3. Valorar a las mujeres.Dise\u00f1ado para ni\u00f1os desde los 5 a\u00f1os, hasta hombres adultos.Nuestro prop\u00f3sito es formar varones con identidad [&hellip;]","og_url":"https:\/\/www.claudiazila.com\/index.php\/curso-identidad-de-valientes\/","og_site_name":"Claudia Zila","article_modified_time":"2025-08-10T04:35:33+00:00","twitter_card":"summary_large_image","twitter_misc":{"Tiempo de lectura":"3 minutos"},"schema":{"@context":"https:\/\/schema.org","@graph":[{"@type":"WebPage","@id":"https:\/\/www.claudiazila.com\/index.php\/curso-identidad-de-valientes\/","url":"https:\/\/www.claudiazila.com\/index.php\/curso-identidad-de-valientes\/","name":"CURSO INDENTIDAD DE VALIENTES - Claudia Zila","isPartOf":{"@id":"https:\/\/www.claudiazila.com\/#website"},"primaryImageOfPage":{"@id":"https:\/\/www.claudiazila.com\/index.php\/curso-identidad-de-valientes\/#primaryimage"},"image":{"@id":"https:\/\/www.claudiazila.com\/index.php\/curso-identidad-de-valientes\/#primaryimage"},"thumbnailUrl":"","datePublished":"2025-02-01T15:26:22+00:00","dateModified":"2025-08-10T04:35:33+00:00","breadcrumb":{"@id":"https:\/\/www.claudiazila.com\/index.php\/curso-identidad-de-valientes\/#breadcrumb"},"inLanguage":"es","potentialAction":[{"@type":"ReadAction","target":["https:\/\/www.claudiazila.com\/index.php\/curso-identidad-de-valientes\/"]}]},{"@type":"ImageObject","inLanguage":"es","@id":"https:\/\/www.claudiazila.com\/index.php\/curso-identidad-de-valientes\/#primaryimage","url":"","contentUrl":""},{"@type":"BreadcrumbList","@id":"https:\/\/www.claudiazila.com\/index.php\/curso-identidad-de-valientes\/#breadcrumb","itemListElement":[{"@type":"ListItem","position":1,"name":"Portada","item":"https:\/\/www.claudiazila.com\/"},{"@type":"ListItem","position":2,"name":"CURSO INDENTIDAD DE VALIENTES"}]},{"@type":"WebSite","@id":"https:\/\/www.claudiazila.com\/#website","url":"https:\/\/www.claudiazila.com\/","name":"Claudia Zila","description":"Claudia Zila","publisher":{"@id":"https:\/\/www.claudiazila.com\/#\/schema\/person\/81aaac917ad66e2c2428382dc268be34"},"potentialAction":[{"@type":"SearchAction","target":{"@type":"EntryPoint","urlTemplate":"https:\/\/www.claudiazila.com\/?s={search_term_string}"},"query-input":{"@type":"PropertyValueSpecification","valueRequired":true,"valueName":"search_term_string"}}],"inLanguage":"es"},{"@type":["Person","Organization"],"@id":"https:\/\/www.claudiazila.com\/#\/schema\/person\/81aaac917ad66e2c2428382dc268be34","name":"clau_adm","image":{"@type":"ImageObject","inLanguage":"es","@id":"https:\/\/www.claudiazila.com\/#\/schema\/person\/image\/","url":"https:\/\/www.claudiazila.com\/wp-content\/uploads\/2025\/01\/cropped-IMG_7264.jpg","contentUrl":"https:\/\/www.claudiazila.com\/wp-content\/uploads\/2025\/01\/cropped-IMG_7264.jpg","width":512,"height":512,"caption":"clau_adm"},"logo":{"@id":"https:\/\/www.claudiazila.com\/#\/schema\/person\/image\/"},"sameAs":["https:\/\/www.claudiazila.com"]}]}},"_links":{"self":[{"href":"https:\/\/www.claudiazila.com\/index.php\/wp-json\/wp\/v2\/pages\/296","targetHints":{"allow":["GET"]}}],"collection":[{"href":"https:\/\/www.claudiazila.com\/index.php\/wp-json\/wp\/v2\/pages"}],"about":[{"href":"https:\/\/www.claudiazila.com\/index.php\/wp-json\/wp\/v2\/types\/page"}],"author":[{"embeddable":true,"href":"https:\/\/www.claudiazila.com\/index.php\/wp-json\/wp\/v2\/users\/1"}],"replies":[{"embeddable":true,"href":"https:\/\/www.claudiazila.com\/index.php\/wp-json\/wp\/v2\/comments?post=296"}],"version-history":[{"count":73,"href":"https:\/\/www.claudiazila.com\/index.php\/wp-json\/wp\/v2\/pages\/296\/revisions"}],"predecessor-version":[{"id":1361,"href":"https:\/\/www.claudiazila.com\/index.php\/wp-json\/wp\/v2\/pages\/296\/revisions\/1361"}],"wp:featuredmedia":[{"embeddable":true,"href":"https:\/\/www.claudiazila.com\/index.php\/wp-json\/"}],"wp:attachment":[{"href":"https:\/\/www.claudiazila.com\/index.php\/wp-json\/wp\/v2\/media?parent=296"}],"curies":[{"name":"wp","href":"https:\/\/api.w.org\/{rel}","templated":true}]}}